{"id":9032,"date":"2026-01-26T00:51:12","date_gmt":"2026-01-25T23:51:12","guid":{"rendered":"https:\/\/www.udrugamrkz.hr\/?page_id=9032"},"modified":"2026-03-28T15:12:15","modified_gmt":"2026-03-28T14:12:15","slug":"socijalna-usluga-osobna-asistencija","status":"publish","type":"page","link":"https:\/\/www.udrugamrkz.hr\/?page_id=9032","title":{"rendered":"Socijalna usluga osobna asistencija"},"content":{"rendered":"\n<p>          Udruga \u201eMasla\u010dak\u201c Kri\u017eevci po\u010detkom 2024. godine postala je pru\u017eateljem jedne vrlo vrijedne socijalne usluge. Naime, na temelju prethodno prilo\u017eene dokumentacije 03.11.2023. dobivamo rje\u0161enje Koprivni\u010dko-kri\u017eeva\u010dke \u017eupanije u kojem stoji da ispunjavamo mjerila za pru\u017eanje usluge osobne asistencije. Ubrzo nakon toga, 18. prosinca 2023. sklapamo Ugovor o pru\u017eanju usluge osobne asistencije u iznosi od 880 sati mjese\u010dno sa Ministarstvom rada, mirovinskog sustava, obitelji i socijalne politike. Vrlo va\u017ena usluga u zajednici, koja pru\u017ea jo\u0161 jednu vrstu potpore osobama sa intelektualnim te\u0161ko\u0107ama, ali i njihovim obiteljima. Vi\u0161egodi\u0161nje bogato iskustvo u pru\u017eanju usluge osobne asistencije stekli smo kao jedan od partnera na europskom projektu \u010diji je nositelj bila udruga \u201eMali princ\u201c \u0110ur\u0111evac, a drugi partner Udruga \u201eLatice\u201c Koprivnica.<\/p>\n\n\n\n<p>Zadovoljiv\u0161i uvjete i pravilnik Ministarstva rada, mirovinskog sustava, obitelji i socijalne politike, odva\u017eili smo se u jedno novo podru\u010dje socijalnog djelovanja. \u201eOsobna asistencija je socijalna usluga kojom se osigurava pomo\u0107 i podr\u0161ka osobi s invaliditetom u aktivnostima koje ne mo\u017ee izvoditi sama radi vrste i stupnja invaliditeta, a koje su joj svakodnevno potrebne u ku\u0107i i izvan ku\u0107e, te pomo\u0107 i podr\u0161ka u komunikaciji i primanju informacija\u201c. Razmjerno stupnju tjelesnog\/ fizi\u010dkog o\u0161te\u0107enja, korisnik mo\u017ee ostvariti odre\u0111eni broj sati mjese\u010dno sa svojim osobnim asistentom. Udruga \u201eMasla\u010dak\u201c Kri\u017eevci naj\u010de\u0161\u0107e zapo\u0161ljava asistente na 20 sati tjedno, odnosno 4 sata dnevno.<\/p>\n\n\n\n<p><strong>Tko mo\u017ee postati osobni asistent?<\/strong>&nbsp;Osobni asistent osoba je koja \u0107e biti zaposlena kako bi krajnjem korisniku bila njegova \u201edesna\u201c ruka i pomagala mu kroz svakodnevne zadatke, olak\u0161avala socijalnu interakciju i bila tu \u010desto i kao prijatelj. Osobni asistent osoba je od pomo\u0107i i povjerenja korisniku, koja mu poma\u017ee pri svakodnevnom obavljanju zadataka unutar i izvan ku\u0107anstva korisnika.<\/p>\n\n\n\n<p>Uvjeti i razine \u0161kolovanja:<\/p>\n\n\n\n<ul>\n<li>Zavr\u0161ena osnovna \u0161kola + te\u010daj njegovatelja<\/li>\n\n\n\n<li>Zavr\u0161ena srednja \u0161kola \u2013 3 godine<\/li>\n\n\n\n<li>Zavr\u0161ena srednja \u0161kola \u2013 4 godine<\/li>\n<\/ul>\n\n\n\n<p>Udruga \u201eMasla\u010dak\u201c trenutno broji 12 korisnika osobne asistencije, te 11 osobnih asistenata. Ve\u0107 sama \u010dinjenica da brinemo o obostranom zadovoljstvu preko 20 osoba uklju\u010denih u ovu socijalnu uslugu, smatramo to vrlo bitnom zada\u0107om. Tendencija jest da broj korisnika i njihovih osobnih asistenata raste, \u0161to \u0107e doprinijeti pozitivne ishode i za potrebite korisnike, ali i nova zapo\u0161ljavanja. Kontinuiranom edukacijom asistenata pobolj\u0161ava se kvaliteta usluge, a isto tako i nadzorom i odlaskom na teren voditelja osobne asistencije mo\u017ee se pratiti kvaliteta usluge.<\/p>\n\n\n\n<p><strong>Kako postati osobnim asistentom?<\/strong><\/p>\n\n\n\n<p>Volite pomagati drugima? Smatrate da ste osoba na koju se netko mo\u017ee osloniti i imate hrabrosti biti stup oslonac ljudima kojima je to izuzetno potrebno? Ako su Va\u0161i odgovori DA, onda je to mo\u017eda ba\u0161 posao za Vas. Sljede\u0107i zadatak jest pratiti natje\u010daje za posao koji se objavljuju na portalima. Bitno je prilikom upoznavanja sa korisnikom da dobro \u201ekliknete\u201c, jer biti \u0107ete svakodnevno oslonac toj osobi i \u010desto najbolji prijatelj. Ukoliko ostvarite te prve preduvjete, \u010deka Vas mo\u017eda jedan sasvim novi i druga\u010diji odnos u \u017eivotu, koji svakako ispunjava!<\/p>\n\n\n\n<p><strong>&nbsp;Osobna asistencija mo\u017ee obuhvatiti:<\/strong><\/p>\n\n\n\n<p>\u2013 obavljanje ku\u0107anskih poslova, uklju\u010duju\u0107i i organiziranje prehrane, koje korisnik nije u mogu\u0107nosti samostalno obaviti ili koje umjesto korisnika nisu u mogu\u0107nosti obaviti \u010dlanovi ku\u0107anstva<\/p>\n\n\n\n<p>\u2013 hranjenje<\/p>\n\n\n\n<p>\u2013 odr\u017eavanje osobne higijene<\/p>\n\n\n\n<p>\u2013 omogu\u0107avanje mobiliteta i kretanja<\/p>\n\n\n\n<p>\u2013 rukovanje pomagalima<\/p>\n\n\n\n<p>\u2013 pratnju i pomo\u0107 u razli\u010ditim socijalnim aktivnostima, uklju\u010duju\u0107i i putovanja unutar i izvan Republike Hrvatske<\/p>\n\n\n\n<p>\u2013 pomo\u0107 pri obavljanju administrativnih aktivnosti<\/p>\n\n\n\n<p>\u2013 pru\u017eanje podr\u0161ke u komunikaciji izme\u0111u osobe s o\u0161te\u0107enjem sluha i \u010duju\u0107e okoline u svrhu pristupa informacijama u svim podru\u010djima \u017eivota<\/p>\n\n\n\n<p>\u2013 pru\u017eanje podr\u0161ke u kretanju gluhoslijepim osobama te podr\u0161ke u komunikaciji izme\u0111u gluhoslijepih osoba i okoline, u svrhu pristupa informacijama u svim podru\u010djima \u017eivota.<\/p>\n\n\n\n<p><strong>Edukacija asistenata<\/strong><\/p>\n\n\n\n<p>Udruga brine o svojim asistentima kako bi ostvarili \u0161to bolji odnos sa korisnicima. Edukacija za rad s korisnikom je vrlo bitna. Pojedini asistenti su se ve\u0107 usavr\u0161avali na edukacijama, dok oni koji do tada nisu, u svrhu stjecanja potvrde osposobljenosti za rad s korisnikom.<\/p>\n\n\n\n<p>Nasljedno tome cilj je odr\u017eati daljnje edukacije sa individualnim planovima za asistente, te kroz odre\u0111eni vremenski period provesti i evaluaciju. A sve to kako bismo odr\u017eali dobru i kontinuiranu kvalitetu rada.<\/p>\n\n\n\n<figure class=\"wp-block-gallery has-nested-images columns-default is-cropped wp-block-gallery-1 is-layout-flex wp-block-gallery-is-layout-flex\">\n<figure class=\"wp-block-image size-large\"><img loading=\"lazy\" decoding=\"async\" width=\"1024\" height=\"1024\" data-id=\"8502\" src=\"https:\/\/www.udrugamrkz.hr\/wp-content\/uploads\/20251009_074913-1024x1024.jpg\" alt=\"\" class=\"wp-image-8502\" srcset=\"https:\/\/www.udrugamrkz.hr\/wp-content\/uploads\/20251009_074913-1024x1024.jpg 1024w, https:\/\/www.udrugamrkz.hr\/wp-content\/uploads\/20251009_074913-300x300.jpg 300w, https:\/\/www.udrugamrkz.hr\/wp-content\/uploads\/20251009_074913-150x150.jpg 150w, https:\/\/www.udrugamrkz.hr\/wp-content\/uploads\/20251009_074913-768x768.jpg 768w, https:\/\/www.udrugamrkz.hr\/wp-content\/uploads\/20251009_074913-1536x1536.jpg 1536w, https:\/\/www.udrugamrkz.hr\/wp-content\/uploads\/20251009_074913-80x80.jpg 80w, https:\/\/www.udrugamrkz.hr\/wp-content\/uploads\/20251009_074913-320x320.jpg 320w, https:\/\/www.udrugamrkz.hr\/wp-content\/uploads\/20251009_074913.jpg 1600w\" sizes=\"(max-width: 1024px) 100vw, 1024px\" \/><\/figure>\n\n\n\n<figure class=\"wp-block-image size-large\"><img loading=\"lazy\" decoding=\"async\" width=\"1024\" height=\"1024\" data-id=\"8506\" src=\"https:\/\/www.udrugamrkz.hr\/wp-content\/uploads\/1000038259-1024x1024.jpg\" alt=\"\" class=\"wp-image-8506\" srcset=\"https:\/\/www.udrugamrkz.hr\/wp-content\/uploads\/1000038259-1024x1024.jpg 1024w, https:\/\/www.udrugamrkz.hr\/wp-content\/uploads\/1000038259-300x300.jpg 300w, https:\/\/www.udrugamrkz.hr\/wp-content\/uploads\/1000038259-150x150.jpg 150w, https:\/\/www.udrugamrkz.hr\/wp-content\/uploads\/1000038259-768x768.jpg 768w, https:\/\/www.udrugamrkz.hr\/wp-content\/uploads\/1000038259-1536x1536.jpg 1536w, https:\/\/www.udrugamrkz.hr\/wp-content\/uploads\/1000038259-80x80.jpg 80w, https:\/\/www.udrugamrkz.hr\/wp-content\/uploads\/1000038259-320x320.jpg 320w, https:\/\/www.udrugamrkz.hr\/wp-content\/uploads\/1000038259.jpg 1600w\" sizes=\"(max-width: 1024px) 100vw, 1024px\" \/><\/figure>\n\n\n\n<figure class=\"wp-block-image size-large\"><img loading=\"lazy\" decoding=\"async\" width=\"1024\" height=\"1024\" data-id=\"8513\" src=\"https:\/\/www.udrugamrkz.hr\/wp-content\/uploads\/1000038266-1024x1024.jpg\" alt=\"\" class=\"wp-image-8513\" srcset=\"https:\/\/www.udrugamrkz.hr\/wp-content\/uploads\/1000038266-1024x1024.jpg 1024w, https:\/\/www.udrugamrkz.hr\/wp-content\/uploads\/1000038266-300x300.jpg 300w, https:\/\/www.udrugamrkz.hr\/wp-content\/uploads\/1000038266-150x150.jpg 150w, https:\/\/www.udrugamrkz.hr\/wp-content\/uploads\/1000038266-768x768.jpg 768w, https:\/\/www.udrugamrkz.hr\/wp-content\/uploads\/1000038266-1536x1536.jpg 1536w, https:\/\/www.udrugamrkz.hr\/wp-content\/uploads\/1000038266-80x80.jpg 80w, https:\/\/www.udrugamrkz.hr\/wp-content\/uploads\/1000038266-320x320.jpg 320w, https:\/\/www.udrugamrkz.hr\/wp-content\/uploads\/1000038266.jpg 1600w\" sizes=\"(max-width: 1024px) 100vw, 1024px\" \/><\/figure>\n\n\n\n<figure class=\"wp-block-image size-large\"><img loading=\"lazy\" decoding=\"async\" width=\"1024\" height=\"1024\" data-id=\"8512\" src=\"https:\/\/www.udrugamrkz.hr\/wp-content\/uploads\/1000038265-1024x1024.jpg\" alt=\"\" class=\"wp-image-8512\" srcset=\"https:\/\/www.udrugamrkz.hr\/wp-content\/uploads\/1000038265-1024x1024.jpg 1024w, https:\/\/www.udrugamrkz.hr\/wp-content\/uploads\/1000038265-300x300.jpg 300w, https:\/\/www.udrugamrkz.hr\/wp-content\/uploads\/1000038265-150x150.jpg 150w, https:\/\/www.udrugamrkz.hr\/wp-content\/uploads\/1000038265-768x768.jpg 768w, https:\/\/www.udrugamrkz.hr\/wp-content\/uploads\/1000038265-1536x1536.jpg 1536w, https:\/\/www.udrugamrkz.hr\/wp-content\/uploads\/1000038265-80x80.jpg 80w, https:\/\/www.udrugamrkz.hr\/wp-content\/uploads\/1000038265-320x320.jpg 320w, https:\/\/www.udrugamrkz.hr\/wp-content\/uploads\/1000038265.jpg 1600w\" sizes=\"(max-width: 1024px) 100vw, 1024px\" \/><\/figure>\n\n\n\n<figure class=\"wp-block-image size-large\"><img loading=\"lazy\" decoding=\"async\" width=\"1024\" height=\"1024\" data-id=\"8511\" src=\"https:\/\/www.udrugamrkz.hr\/wp-content\/uploads\/1000038264-1024x1024.jpg\" alt=\"\" class=\"wp-image-8511\" srcset=\"https:\/\/www.udrugamrkz.hr\/wp-content\/uploads\/1000038264-1024x1024.jpg 1024w, https:\/\/www.udrugamrkz.hr\/wp-content\/uploads\/1000038264-300x300.jpg 300w, https:\/\/www.udrugamrkz.hr\/wp-content\/uploads\/1000038264-150x150.jpg 150w, https:\/\/www.udrugamrkz.hr\/wp-content\/uploads\/1000038264-768x768.jpg 768w, https:\/\/www.udrugamrkz.hr\/wp-content\/uploads\/1000038264-1536x1536.jpg 1536w, https:\/\/www.udrugamrkz.hr\/wp-content\/uploads\/1000038264-80x80.jpg 80w, https:\/\/www.udrugamrkz.hr\/wp-content\/uploads\/1000038264-320x320.jpg 320w, https:\/\/www.udrugamrkz.hr\/wp-content\/uploads\/1000038264.jpg 1600w\" sizes=\"(max-width: 1024px) 100vw, 1024px\" \/><\/figure>\n\n\n\n<figure class=\"wp-block-image size-large\"><img loading=\"lazy\" decoding=\"async\" width=\"1024\" height=\"1024\" data-id=\"8510\" src=\"https:\/\/www.udrugamrkz.hr\/wp-content\/uploads\/1000038263-1024x1024.jpg\" alt=\"\" class=\"wp-image-8510\" srcset=\"https:\/\/www.udrugamrkz.hr\/wp-content\/uploads\/1000038263-1024x1024.jpg 1024w, https:\/\/www.udrugamrkz.hr\/wp-content\/uploads\/1000038263-300x300.jpg 300w, https:\/\/www.udrugamrkz.hr\/wp-content\/uploads\/1000038263-150x150.jpg 150w, https:\/\/www.udrugamrkz.hr\/wp-content\/uploads\/1000038263-768x768.jpg 768w, https:\/\/www.udrugamrkz.hr\/wp-content\/uploads\/1000038263-1536x1536.jpg 1536w, https:\/\/www.udrugamrkz.hr\/wp-content\/uploads\/1000038263-80x80.jpg 80w, https:\/\/www.udrugamrkz.hr\/wp-content\/uploads\/1000038263-320x320.jpg 320w, https:\/\/www.udrugamrkz.hr\/wp-content\/uploads\/1000038263.jpg 1600w\" sizes=\"(max-width: 1024px) 100vw, 1024px\" \/><\/figure>\n\n\n\n<figure class=\"wp-block-image size-large\"><img loading=\"lazy\" decoding=\"async\" width=\"1024\" height=\"1024\" data-id=\"8509\" src=\"https:\/\/www.udrugamrkz.hr\/wp-content\/uploads\/1000038262-1024x1024.jpg\" alt=\"\" class=\"wp-image-8509\" srcset=\"https:\/\/www.udrugamrkz.hr\/wp-content\/uploads\/1000038262-1024x1024.jpg 1024w, https:\/\/www.udrugamrkz.hr\/wp-content\/uploads\/1000038262-300x300.jpg 300w, https:\/\/www.udrugamrkz.hr\/wp-content\/uploads\/1000038262-150x150.jpg 150w, https:\/\/www.udrugamrkz.hr\/wp-content\/uploads\/1000038262-768x768.jpg 768w, https:\/\/www.udrugamrkz.hr\/wp-content\/uploads\/1000038262-1536x1536.jpg 1536w, https:\/\/www.udrugamrkz.hr\/wp-content\/uploads\/1000038262-80x80.jpg 80w, https:\/\/www.udrugamrkz.hr\/wp-content\/uploads\/1000038262-320x320.jpg 320w, https:\/\/www.udrugamrkz.hr\/wp-content\/uploads\/1000038262.jpg 1600w\" sizes=\"(max-width: 1024px) 100vw, 1024px\" \/><\/figure>\n\n\n\n<figure class=\"wp-block-image size-large\"><img loading=\"lazy\" decoding=\"async\" width=\"1024\" height=\"1024\" data-id=\"8508\" src=\"https:\/\/www.udrugamrkz.hr\/wp-content\/uploads\/1000038261-1024x1024.jpg\" alt=\"\" class=\"wp-image-8508\" srcset=\"https:\/\/www.udrugamrkz.hr\/wp-content\/uploads\/1000038261-1024x1024.jpg 1024w, https:\/\/www.udrugamrkz.hr\/wp-content\/uploads\/1000038261-300x300.jpg 300w, https:\/\/www.udrugamrkz.hr\/wp-content\/uploads\/1000038261-150x150.jpg 150w, https:\/\/www.udrugamrkz.hr\/wp-content\/uploads\/1000038261-768x768.jpg 768w, https:\/\/www.udrugamrkz.hr\/wp-content\/uploads\/1000038261-1536x1536.jpg 1536w, https:\/\/www.udrugamrkz.hr\/wp-content\/uploads\/1000038261-80x80.jpg 80w, https:\/\/www.udrugamrkz.hr\/wp-content\/uploads\/1000038261-320x320.jpg 320w, https:\/\/www.udrugamrkz.hr\/wp-content\/uploads\/1000038261.jpg 1600w\" sizes=\"(max-width: 1024px) 100vw, 1024px\" \/><\/figure>\n\n\n\n<figure class=\"wp-block-image size-large\"><img loading=\"lazy\" decoding=\"async\" width=\"1024\" height=\"1024\" data-id=\"8507\" src=\"https:\/\/www.udrugamrkz.hr\/wp-content\/uploads\/1000038260-1024x1024.jpg\" alt=\"\" class=\"wp-image-8507\" srcset=\"https:\/\/www.udrugamrkz.hr\/wp-content\/uploads\/1000038260-1024x1024.jpg 1024w, https:\/\/www.udrugamrkz.hr\/wp-content\/uploads\/1000038260-300x300.jpg 300w, https:\/\/www.udrugamrkz.hr\/wp-content\/uploads\/1000038260-150x150.jpg 150w, https:\/\/www.udrugamrkz.hr\/wp-content\/uploads\/1000038260-768x768.jpg 768w, https:\/\/www.udrugamrkz.hr\/wp-content\/uploads\/1000038260-1536x1536.jpg 1536w, https:\/\/www.udrugamrkz.hr\/wp-content\/uploads\/1000038260-80x80.jpg 80w, https:\/\/www.udrugamrkz.hr\/wp-content\/uploads\/1000038260-320x320.jpg 320w, https:\/\/www.udrugamrkz.hr\/wp-content\/uploads\/1000038260.jpg 1600w\" sizes=\"(max-width: 1024px) 100vw, 1024px\" \/><\/figure>\n\n\n\n<figure class=\"wp-block-image size-large\"><img loading=\"lazy\" decoding=\"async\" width=\"1024\" height=\"1024\" data-id=\"8505\" src=\"https:\/\/www.udrugamrkz.hr\/wp-content\/uploads\/1000038258-1024x1024.jpg\" alt=\"\" class=\"wp-image-8505\" srcset=\"https:\/\/www.udrugamrkz.hr\/wp-content\/uploads\/1000038258-1024x1024.jpg 1024w, https:\/\/www.udrugamrkz.hr\/wp-content\/uploads\/1000038258-300x300.jpg 300w, https:\/\/www.udrugamrkz.hr\/wp-content\/uploads\/1000038258-150x150.jpg 150w, https:\/\/www.udrugamrkz.hr\/wp-content\/uploads\/1000038258-768x768.jpg 768w, https:\/\/www.udrugamrkz.hr\/wp-content\/uploads\/1000038258-1536x1536.jpg 1536w, https:\/\/www.udrugamrkz.hr\/wp-content\/uploads\/1000038258-80x80.jpg 80w, https:\/\/www.udrugamrkz.hr\/wp-content\/uploads\/1000038258-320x320.jpg 320w, https:\/\/www.udrugamrkz.hr\/wp-content\/uploads\/1000038258.jpg 1600w\" sizes=\"(max-width: 1024px) 100vw, 1024px\" \/><\/figure>\n\n\n\n<figure class=\"wp-block-image size-large\"><img loading=\"lazy\" decoding=\"async\" width=\"1024\" height=\"1024\" data-id=\"8504\" src=\"https:\/\/www.udrugamrkz.hr\/wp-content\/uploads\/1000038257-1024x1024.jpg\" alt=\"\" class=\"wp-image-8504\" srcset=\"https:\/\/www.udrugamrkz.hr\/wp-content\/uploads\/1000038257-1024x1024.jpg 1024w, https:\/\/www.udrugamrkz.hr\/wp-content\/uploads\/1000038257-300x300.jpg 300w, https:\/\/www.udrugamrkz.hr\/wp-content\/uploads\/1000038257-150x150.jpg 150w, https:\/\/www.udrugamrkz.hr\/wp-content\/uploads\/1000038257-768x768.jpg 768w, https:\/\/www.udrugamrkz.hr\/wp-content\/uploads\/1000038257-1536x1536.jpg 1536w, https:\/\/www.udrugamrkz.hr\/wp-content\/uploads\/1000038257-80x80.jpg 80w, https:\/\/www.udrugamrkz.hr\/wp-content\/uploads\/1000038257-320x320.jpg 320w, https:\/\/www.udrugamrkz.hr\/wp-content\/uploads\/1000038257.jpg 1600w\" sizes=\"(max-width: 1024px) 100vw, 1024px\" \/><\/figure>\n\n\n\n<figure class=\"wp-block-image size-large\"><img loading=\"lazy\" decoding=\"async\" width=\"1024\" height=\"1024\" data-id=\"8503\" src=\"https:\/\/www.udrugamrkz.hr\/wp-content\/uploads\/1000038256-1024x1024.jpg\" alt=\"\" class=\"wp-image-8503\" srcset=\"https:\/\/www.udrugamrkz.hr\/wp-content\/uploads\/1000038256-1024x1024.jpg 1024w, https:\/\/www.udrugamrkz.hr\/wp-content\/uploads\/1000038256-300x300.jpg 300w, https:\/\/www.udrugamrkz.hr\/wp-content\/uploads\/1000038256-150x150.jpg 150w, https:\/\/www.udrugamrkz.hr\/wp-content\/uploads\/1000038256-768x768.jpg 768w, https:\/\/www.udrugamrkz.hr\/wp-content\/uploads\/1000038256-1536x1536.jpg 1536w, https:\/\/www.udrugamrkz.hr\/wp-content\/uploads\/1000038256-80x80.jpg 80w, https:\/\/www.udrugamrkz.hr\/wp-content\/uploads\/1000038256-320x320.jpg 320w, https:\/\/www.udrugamrkz.hr\/wp-content\/uploads\/1000038256.jpg 1600w\" sizes=\"(max-width: 1024px) 100vw, 1024px\" \/><\/figure>\n<\/figure>\n","protected":false},"excerpt":{"rendered":"<p>Udruga \u201eMasla\u010dak\u201c Kri\u017eevci po\u010detkom 2024. godine postala je pru\u017eateljem jedne vrlo vrijedne socijalne usluge. Naime, na temelju prethodno prilo\u017eene dokumentacije 03.11.2023. dobivamo rje\u0161enje Koprivni\u010dko-kri\u017eeva\u010dke \u017eupanije u kojem stoji da ispunjavamo mjerila za pru\u017eanje usluge&#46;&#46;&#46;<\/p>\n","protected":false},"author":1,"featured_media":0,"parent":0,"menu_order":0,"comment_status":"closed","ping_status":"closed","template":"","meta":{"ngg_post_thumbnail":0,"footnotes":""},"_links":{"self":[{"href":"https:\/\/www.udrugamrkz.hr\/index.php?rest_route=\/wp\/v2\/pages\/9032"}],"collection":[{"href":"https:\/\/www.udrugamrkz.hr\/index.php?rest_route=\/wp\/v2\/pages"}],"about":[{"href":"https:\/\/www.udrugamrkz.hr\/index.php?rest_route=\/wp\/v2\/types\/page"}],"author":[{"embeddable":true,"href":"https:\/\/www.udrugamrkz.hr\/index.php?rest_route=\/wp\/v2\/users\/1"}],"replies":[{"embeddable":true,"href":"https:\/\/www.udrugamrkz.hr\/index.php?rest_route=%2Fwp%2Fv2%2Fcomments&post=9032"}],"version-history":[{"count":4,"href":"https:\/\/www.udrugamrkz.hr\/index.php?rest_route=\/wp\/v2\/pages\/9032\/revisions"}],"predecessor-version":[{"id":9448,"href":"https:\/\/www.udrugamrkz.hr\/index.php?rest_route=\/wp\/v2\/pages\/9032\/revisions\/9448"}],"wp:attachment":[{"href":"https:\/\/www.udrugamrkz.hr\/index.php?rest_route=%2Fwp%2Fv2%2Fmedia&parent=9032"}],"curies":[{"name":"wp","href":"https:\/\/api.w.org\/{rel}","templated":true}]}}