{"id":9019,"date":"2026-01-26T00:25:54","date_gmt":"2026-01-25T23:25:54","guid":{"rendered":"https:\/\/www.udrugamrkz.hr\/?page_id=9019"},"modified":"2026-03-28T15:17:08","modified_gmt":"2026-03-28T14:17:08","slug":"socijalna-usluga-poludnevnog-boravka","status":"publish","type":"page","link":"https:\/\/www.udrugamrkz.hr\/?page_id=9019","title":{"rendered":"Socijalna usluga poludnevni boravak"},"content":{"rendered":"\n<p>        Uslugu poludnevnog boravka Udruga pru\u017ea temeljem Zakona o socijalnoj skrbi (NN br. 18\/22 do 156\/23) i Pravilnika o mjerilima za pru\u017eanje socijalnih usluga (NN br. 110\/22).                                                                                             Provedba <strong>socijalne usluge \u201ePoludnevni boravak\u201c<\/strong> za 10 osoba s intelektualnim te\u0161ko\u0107ama u trajanju 4-6 sati dnevno za koju je sklopljen&nbsp; Ugovor sa Ministarstvom rada, mirovinskog sustava, obitelji i socijalne politike. Usluga se pru\u017ea od 01.11.2024. godine korisnicima temeljem Uputnice Zavoda za socijalni rad, Podru\u010dni ured Kri\u017eevci.<\/p>\n\n\n\n<p>Socijalna usluga uklju\u010duje:<\/p>\n\n\n\n<p><strong>1. Osnovni opseg usluge<\/strong><\/p>\n\n\n\n<p>Njega 1 \u2013 samo za korisnike potpuno ovisne o njezi&nbsp; druge osobe<\/p>\n\n\n\n<p>Njega 2 \u2013 samo za korisnike kojima je potrebna pomo\u0107 u samozbrinjavanju<\/p>\n\n\n\n<p>Njega i briga o zdravlju<\/p>\n\n\n\n<p>Socijalni rad<\/p>\n\n\n\n<p>Socijalna rehabilitacija<\/p>\n\n\n\n<p>Radne aktivnosti<\/p>\n\n\n\n<p>Vje\u017ebe orijentacije i kretanja u prostoru<\/p>\n\n\n\n<p>Vje\u017ebe svakodnevnih vje\u0161tina<\/p>\n\n\n\n<p><strong>2. Specifi\u010dne aktivnosti<\/strong><\/p>\n\n\n\n<p>Kineziterapija i sportsko-rekreacijske aktivnosti<\/p>\n\n\n\n<p>Glazboterapija i glazbene aktivnosti<\/p>\n\n\n\n<p>Likovna terapija i likovne aktivnosti<\/p>\n\n\n\n<p>Psiholo\u0161ka podr\u0161ka<\/p>\n\n\n\n<p>Radna terapija<\/p>\n\n\n\n<p>Fizikalna terapija<\/p>\n\n\n\n<p>Senzorna integracija<\/p>\n\n\n\n<p><strong>3. Dodatno<\/strong><\/p>\n\n\n\n<p>Obrok<\/p>\n\n\n\n<p>Prijevoz<\/p>\n\n\n\n<figure class=\"wp-block-gallery has-nested-images columns-default is-cropped wp-block-gallery-1 is-layout-flex wp-block-gallery-is-layout-flex\">\n<figure class=\"wp-block-image size-large\"><img loading=\"lazy\" decoding=\"async\" width=\"1024\" height=\"768\" data-id=\"9104\" src=\"https:\/\/www.udrugamrkz.hr\/wp-content\/uploads\/626226865_25636477469370982_4818089982624393346_n-1024x768.jpg\" alt=\"\" class=\"wp-image-9104\" srcset=\"https:\/\/www.udrugamrkz.hr\/wp-content\/uploads\/626226865_25636477469370982_4818089982624393346_n-1024x768.jpg 1024w, https:\/\/www.udrugamrkz.hr\/wp-content\/uploads\/626226865_25636477469370982_4818089982624393346_n-300x225.jpg 300w, https:\/\/www.udrugamrkz.hr\/wp-content\/uploads\/626226865_25636477469370982_4818089982624393346_n-768x576.jpg 768w, https:\/\/www.udrugamrkz.hr\/wp-content\/uploads\/626226865_25636477469370982_4818089982624393346_n-1536x1152.jpg 1536w, https:\/\/www.udrugamrkz.hr\/wp-content\/uploads\/626226865_25636477469370982_4818089982624393346_n.jpg 1600w\" sizes=\"(max-width: 1024px) 100vw, 1024px\" \/><\/figure>\n\n\n\n<figure class=\"wp-block-image size-large\"><img loading=\"lazy\" decoding=\"async\" width=\"768\" height=\"1024\" data-id=\"9109\" src=\"https:\/\/www.udrugamrkz.hr\/wp-content\/uploads\/633036272_25657404870611575_3270709431858615808_n-768x1024.jpg\" alt=\"\" class=\"wp-image-9109\" srcset=\"https:\/\/www.udrugamrkz.hr\/wp-content\/uploads\/633036272_25657404870611575_3270709431858615808_n-768x1024.jpg 768w, https:\/\/www.udrugamrkz.hr\/wp-content\/uploads\/633036272_25657404870611575_3270709431858615808_n-225x300.jpg 225w, https:\/\/www.udrugamrkz.hr\/wp-content\/uploads\/633036272_25657404870611575_3270709431858615808_n-1152x1536.jpg 1152w, https:\/\/www.udrugamrkz.hr\/wp-content\/uploads\/633036272_25657404870611575_3270709431858615808_n.jpg 1200w\" sizes=\"(max-width: 768px) 100vw, 768px\" \/><\/figure>\n\n\n\n<figure class=\"wp-block-image size-large\"><img loading=\"lazy\" decoding=\"async\" width=\"1024\" height=\"768\" data-id=\"8711\" src=\"https:\/\/www.udrugamrkz.hr\/wp-content\/uploads\/kreativni-Maslacci-4-1024x768.jpg\" alt=\"\" class=\"wp-image-8711\" srcset=\"https:\/\/www.udrugamrkz.hr\/wp-content\/uploads\/kreativni-Maslacci-4-1024x768.jpg 1024w, https:\/\/www.udrugamrkz.hr\/wp-content\/uploads\/kreativni-Maslacci-4-300x225.jpg 300w, https:\/\/www.udrugamrkz.hr\/wp-content\/uploads\/kreativni-Maslacci-4-768x576.jpg 768w, https:\/\/www.udrugamrkz.hr\/wp-content\/uploads\/kreativni-Maslacci-4-1536x1152.jpg 1536w, https:\/\/www.udrugamrkz.hr\/wp-content\/uploads\/kreativni-Maslacci-4.jpg 1600w\" sizes=\"(max-width: 1024px) 100vw, 1024px\" \/><\/figure>\n\n\n\n<figure class=\"wp-block-image size-large\"><img loading=\"lazy\" decoding=\"async\" width=\"768\" height=\"1024\" data-id=\"8635\" src=\"https:\/\/www.udrugamrkz.hr\/wp-content\/uploads\/571288955_24666544789697593_2854429918155265642_n-768x1024.jpg\" alt=\"\" class=\"wp-image-8635\" srcset=\"https:\/\/www.udrugamrkz.hr\/wp-content\/uploads\/571288955_24666544789697593_2854429918155265642_n-768x1024.jpg 768w, https:\/\/www.udrugamrkz.hr\/wp-content\/uploads\/571288955_24666544789697593_2854429918155265642_n-225x300.jpg 225w, https:\/\/www.udrugamrkz.hr\/wp-content\/uploads\/571288955_24666544789697593_2854429918155265642_n-1152x1536.jpg 1152w, https:\/\/www.udrugamrkz.hr\/wp-content\/uploads\/571288955_24666544789697593_2854429918155265642_n.jpg 1200w\" sizes=\"(max-width: 768px) 100vw, 768px\" \/><\/figure>\n<\/figure>\n\n\n\n<figure class=\"wp-block-gallery has-nested-images columns-default is-cropped wp-block-gallery-2 is-layout-flex wp-block-gallery-is-layout-flex\">\n<figure class=\"wp-block-image size-large\"><img loading=\"lazy\" decoding=\"async\" width=\"878\" height=\"1024\" data-id=\"7223\" src=\"https:\/\/www.udrugamrkz.hr\/wp-content\/uploads\/464188767_8235246026587396_3500780359474422041_n-878x1024.jpg\" alt=\"\" class=\"wp-image-7223\" srcset=\"https:\/\/www.udrugamrkz.hr\/wp-content\/uploads\/464188767_8235246026587396_3500780359474422041_n-878x1024.jpg 878w, https:\/\/www.udrugamrkz.hr\/wp-content\/uploads\/464188767_8235246026587396_3500780359474422041_n-257x300.jpg 257w, https:\/\/www.udrugamrkz.hr\/wp-content\/uploads\/464188767_8235246026587396_3500780359474422041_n-768x896.jpg 768w, https:\/\/www.udrugamrkz.hr\/wp-content\/uploads\/464188767_8235246026587396_3500780359474422041_n.jpg 1200w\" sizes=\"(max-width: 878px) 100vw, 878px\" \/><\/figure>\n\n\n\n<figure class=\"wp-block-image size-large\"><img loading=\"lazy\" decoding=\"async\" width=\"768\" height=\"1024\" data-id=\"7380\" src=\"https:\/\/www.udrugamrkz.hr\/wp-content\/uploads\/469441367_8519509998160996_5252436282431699649_n-768x1024.jpg\" alt=\"\" class=\"wp-image-7380\" srcset=\"https:\/\/www.udrugamrkz.hr\/wp-content\/uploads\/469441367_8519509998160996_5252436282431699649_n-768x1024.jpg 768w, https:\/\/www.udrugamrkz.hr\/wp-content\/uploads\/469441367_8519509998160996_5252436282431699649_n-225x300.jpg 225w, https:\/\/www.udrugamrkz.hr\/wp-content\/uploads\/469441367_8519509998160996_5252436282431699649_n-1152x1536.jpg 1152w, https:\/\/www.udrugamrkz.hr\/wp-content\/uploads\/469441367_8519509998160996_5252436282431699649_n.jpg 1200w\" sizes=\"(max-width: 768px) 100vw, 768px\" \/><\/figure>\n\n\n\n<figure class=\"wp-block-image size-large\"><img loading=\"lazy\" decoding=\"async\" width=\"768\" height=\"1024\" data-id=\"8140\" src=\"https:\/\/www.udrugamrkz.hr\/wp-content\/uploads\/505756171_9740292749416042_348502309649422879_n-768x1024.jpg\" alt=\"\" class=\"wp-image-8140\" srcset=\"https:\/\/www.udrugamrkz.hr\/wp-content\/uploads\/505756171_9740292749416042_348502309649422879_n-768x1024.jpg 768w, https:\/\/www.udrugamrkz.hr\/wp-content\/uploads\/505756171_9740292749416042_348502309649422879_n-225x300.jpg 225w, https:\/\/www.udrugamrkz.hr\/wp-content\/uploads\/505756171_9740292749416042_348502309649422879_n-1152x1536.jpg 1152w, https:\/\/www.udrugamrkz.hr\/wp-content\/uploads\/505756171_9740292749416042_348502309649422879_n.jpg 1350w\" sizes=\"(max-width: 768px) 100vw, 768px\" \/><\/figure>\n\n\n\n<figure class=\"wp-block-image size-large\"><img loading=\"lazy\" decoding=\"async\" width=\"583\" height=\"1024\" data-id=\"8190\" src=\"https:\/\/www.udrugamrkz.hr\/wp-content\/uploads\/514404212_9888068537971795_6098725213111928199_n-583x1024.jpg\" alt=\"\" class=\"wp-image-8190\" srcset=\"https:\/\/www.udrugamrkz.hr\/wp-content\/uploads\/514404212_9888068537971795_6098725213111928199_n-583x1024.jpg 583w, https:\/\/www.udrugamrkz.hr\/wp-content\/uploads\/514404212_9888068537971795_6098725213111928199_n-171x300.jpg 171w, https:\/\/www.udrugamrkz.hr\/wp-content\/uploads\/514404212_9888068537971795_6098725213111928199_n.jpg 721w\" sizes=\"(max-width: 583px) 100vw, 583px\" \/><\/figure>\n\n\n\n<figure class=\"wp-block-image size-large\"><img loading=\"lazy\" decoding=\"async\" width=\"768\" height=\"1024\" data-id=\"8173\" src=\"https:\/\/www.udrugamrkz.hr\/wp-content\/uploads\/515496419_9900541416724507_7228290924372848369_n-768x1024.jpg\" alt=\"\" class=\"wp-image-8173\" srcset=\"https:\/\/www.udrugamrkz.hr\/wp-content\/uploads\/515496419_9900541416724507_7228290924372848369_n-768x1024.jpg 768w, https:\/\/www.udrugamrkz.hr\/wp-content\/uploads\/515496419_9900541416724507_7228290924372848369_n-225x300.jpg 225w, https:\/\/www.udrugamrkz.hr\/wp-content\/uploads\/515496419_9900541416724507_7228290924372848369_n-1152x1536.jpg 1152w, https:\/\/www.udrugamrkz.hr\/wp-content\/uploads\/515496419_9900541416724507_7228290924372848369_n.jpg 1200w\" sizes=\"(max-width: 768px) 100vw, 768px\" \/><\/figure>\n\n\n\n<figure class=\"wp-block-image size-large\"><img loading=\"lazy\" decoding=\"async\" width=\"566\" height=\"1024\" data-id=\"8616\" src=\"https:\/\/www.udrugamrkz.hr\/wp-content\/uploads\/566267147_24628176890201050_6302273336375551549_n-566x1024.jpg\" alt=\"\" class=\"wp-image-8616\" srcset=\"https:\/\/www.udrugamrkz.hr\/wp-content\/uploads\/566267147_24628176890201050_6302273336375551549_n-566x1024.jpg 566w, https:\/\/www.udrugamrkz.hr\/wp-content\/uploads\/566267147_24628176890201050_6302273336375551549_n-166x300.jpg 166w, https:\/\/www.udrugamrkz.hr\/wp-content\/uploads\/566267147_24628176890201050_6302273336375551549_n.jpg 720w\" sizes=\"(max-width: 566px) 100vw, 566px\" \/><\/figure>\n<\/figure>\n","protected":false},"excerpt":{"rendered":"<p>Uslugu poludnevnog boravka Udruga pru\u017ea temeljem Zakona o socijalnoj skrbi (NN br. 18\/22 do 156\/23) i Pravilnika o mjerilima za pru\u017eanje socijalnih usluga (NN br. 110\/22). Provedba socijalne usluge \u201ePoludnevni boravak\u201c za 10 osoba&#46;&#46;&#46;<\/p>\n","protected":false},"author":1,"featured_media":0,"parent":0,"menu_order":0,"comment_status":"closed","ping_status":"closed","template":"","meta":{"ngg_post_thumbnail":0,"footnotes":""},"_links":{"self":[{"href":"https:\/\/www.udrugamrkz.hr\/index.php?rest_route=\/wp\/v2\/pages\/9019"}],"collection":[{"href":"https:\/\/www.udrugamrkz.hr\/index.php?rest_route=\/wp\/v2\/pages"}],"about":[{"href":"https:\/\/www.udrugamrkz.hr\/index.php?rest_route=\/wp\/v2\/types\/page"}],"author":[{"embeddable":true,"href":"https:\/\/www.udrugamrkz.hr\/index.php?rest_route=\/wp\/v2\/users\/1"}],"replies":[{"embeddable":true,"href":"https:\/\/www.udrugamrkz.hr\/index.php?rest_route=%2Fwp%2Fv2%2Fcomments&post=9019"}],"version-history":[{"count":8,"href":"https:\/\/www.udrugamrkz.hr\/index.php?rest_route=\/wp\/v2\/pages\/9019\/revisions"}],"predecessor-version":[{"id":9450,"href":"https:\/\/www.udrugamrkz.hr\/index.php?rest_route=\/wp\/v2\/pages\/9019\/revisions\/9450"}],"wp:attachment":[{"href":"https:\/\/www.udrugamrkz.hr\/index.php?rest_route=%2Fwp%2Fv2%2Fmedia&parent=9019"}],"curies":[{"name":"wp","href":"https:\/\/api.w.org\/{rel}","templated":true}]}}