{"id":5,"date":"2020-06-15T20:17:00","date_gmt":"2020-06-15T19:17:00","guid":{"rendered":"http:\/\/www.udrugamrkz.hr\/novo\/?page_id=5"},"modified":"2026-03-26T06:53:57","modified_gmt":"2026-03-26T05:53:57","slug":"dokumenti","status":"publish","type":"page","link":"https:\/\/www.udrugamrkz.hr\/?page_id=5","title":{"rendered":"Dokumenti"},"content":{"rendered":"<p><strong>Op\u0107i akti Udruge:<\/strong><\/p>\n<p>Statut Udruge [<a href=\"https:\/\/www.udrugamrkz.hr\/wp-content\/uploads\/Statut-22.05.2024.pdf\">pdf<\/a>]<\/p>\n<ul>\n<li>Rje\u0161enje &#8211; Statut i osobe ovla\u0161tene za zastupanje [<a href=\"https:\/\/www.udrugamrkz.hr\/wp-content\/uploads\/Rjesenje_-statut_29.5.2024.pdf\">pdf<\/a>]<\/li>\n<li>Rje\u0161enje &#8211; Socijalna usluga boravka [<a href=\"https:\/\/www.udrugamrkz.hr\/wp-content\/uploads\/Rjesenje-socijalna-usluga-boravka.pdf\">pdf<\/a>]<\/li>\n<li>Rje\u0161enje &#8211; Socijalna usluga osobne asistencije [<a href=\"https:\/\/www.udrugamrkz.hr\/wp-content\/uploads\/Rjesenje-socijalna-usluga-osobne-asistencije.pdf\">pdf<\/a>]<\/li>\n<li>Rje\u0161enje &#8211; Likvidator [<a href=\"https:\/\/www.udrugamrkz.hr\/wp-content\/uploads\/Rjesenje-likvidator.pdf\">pdf<\/a>]<\/li>\n<li>Pravilnik o radu [<a href=\"https:\/\/www.udrugamrkz.hr\/wp-content\/uploads\/PRAVILNIK-O-RADU.pdf\">pdf<\/a>]<\/li>\n<\/ul>\n<p><strong>Financijski izvje\u0161taji i izvje\u0161taji o radu Udruge:<\/strong><\/p>\n<ul>\n<li>za 2011. godinu&nbsp;[<a href=\"http:\/\/docs.google.com\/viewer?url=http%3A%2F%2Fwww.udrugamrkz.hr%2Fwp-content%2Fuploads%2FIzvje%25C5%25A1%25C4%2587e-o-radu-20111.pdf\" target=\"_blank\" rel=\"noopener noreferrer\">pdf<\/a>]<\/li>\n<li>za 2012. godinu&nbsp;[<a href=\"http:\/\/docs.google.com\/viewer?url=http%3A%2F%2Fwww.udrugamrkz.hr%2Fwp-content%2Fuploads%2FIzvje%25C5%25A1%25C4%2587e-o-radu-2012.pdf\" target=\"_blank\" rel=\"noopener noreferrer\">pdf<\/a>]<\/li>\n<li>za 2013. godinu&nbsp;[<a href=\"http:\/\/docs.google.com\/viewer?url=http%3A%2F%2Fwww.udrugamrkz.hr%2Fwp-content%2Fuploads%2FIzvje%25C5%25A1%25C4%2587e-o-radu-2013.pdf\" target=\"_blank\" rel=\"noopener noreferrer\">pdf<\/a>]<\/li>\n<li>za 2014. godinu&nbsp;[<a href=\"http:\/\/docs.google.com\/viewer?url=http:\/\/www.udrugamrkz.hr\/wp-content\/uploads\/Izvje\u0161taj-o-radu-za-2014.-godinu.pdf\" target=\"_blank\" rel=\"noopener noreferrer\">pdf<\/a>]<\/li>\n<li>za 2015. godinu&nbsp;[<a href=\"http:\/\/docs.google.com\/viewer?url=http:\/\/www.udrugamrkz.hr\/wp-content\/uploads\/Izvjesce-o-radu-za-2015.godinu.pdf\" target=\"_blank\" rel=\"noopener noreferrer\">pdf<\/a>]<\/li>\n<li>za 2016. godinu&nbsp;[<a href=\"http:\/\/docs.google.com\/viewer?url=http:\/\/www.udrugamrkz.hr\/wp-content\/uploads\/Izvjestaji_o_radu_za_2016.pdf\" target=\"_blank\" rel=\"noopener noreferrer\">pdf<\/a>]<\/li>\n<li>za 2017. godinu&nbsp;[<a href=\"http:\/\/docs.google.com\/viewer?url=http:\/\/www.udrugamrkz.hr\/wp-content\/uploads\/Izvjestaj_o_radu_za_2017.pdf\" target=\"_blank\" rel=\"noopener noreferrer\">pdf<\/a>]<\/li>\n<li>za 2018. godinu&nbsp;[<a href=\"https:\/\/drive.google.com\/open?id=1klLG-pJLoA9XOATrPORpxwqK4oo13b2s\" target=\"_blank\" rel=\"noopener noreferrer\">pdf<\/a>]<\/li>\n<li>za 2019. godinu [<a href=\"https:\/\/www.udrugamrkz.hr\/wp-content\/uploads\/Izvje\u0161\u0107e-za-2019.pdf\">pdf<\/a>]<\/li>\n<li>za 2020. godinu [<a href=\"https:\/\/www.udrugamrkz.hr\/wp-content\/uploads\/iZVJE\u0160TAJ-O-RADU.pdf\">pdf<\/a>]<\/li>\n<li>za 2021. godinu [<a href=\"https:\/\/www.udrugamrkz.hr\/wp-content\/uploads\/Izvje\u0161\u0107e-o-radu-za-2021.-godinu.pdf\">pdf<\/a>]<\/li>\n<li>za 2022. godinu [<a href=\"https:\/\/www.udrugamrkz.hr\/wp-content\/uploads\/Izvje\u0161\u0107e-o-radu-Udruge-2022..pdf\">pdf<\/a>]<\/li>\n<li>za 2023. godinu [<a href=\"https:\/\/www.udrugamrkz.hr\/wp-content\/uploads\/Izvjesce-o-radu-Udruge-za-2023.-godinu.pdf\">pdf<\/a>]&nbsp;<\/li>\n<li>za 2024. godinu [<a href=\"https:\/\/www.udrugamrkz.hr\/wp-content\/uploads\/Izvjesce-o-radu-u-2024.-godini.pdf\">pdf<\/a>]&nbsp;&nbsp;<\/li>\n<li>za 2025. godinu [<a href=\"https:\/\/www.udrugamrkz.hr\/wp-content\/uploads\/Izvjesce-o-radu-u-2025.-godini-.pdf\">pdf<\/a>]<\/li>\n<\/ul>\n<p><strong>Financijski planovi i planovi rada Udruge:<\/strong><\/p>\n<ul>\n<li>&nbsp;za 2012. godinu [<a href=\"http:\/\/docs.google.com\/viewer?url=http%3A%2F%2Fwww.udrugamrkz.hr%2Fwp-content%2Fuploads%2FPlan-rada-2012.pdf\" target=\"_blank\" rel=\"noopener noreferrer\">pdf<\/a>]<\/li>\n<li>&nbsp;za 2013. godinu [<a href=\"http:\/\/docs.google.com\/viewer?url=http%3A%2F%2Fwww.udrugamrkz.hr%2Fwp-content%2Fuploads%2FPlan-rada-2013.pdf\" target=\"_blank\" rel=\"noopener noreferrer\">pdf<\/a>]<\/li>\n<li>&nbsp;za 2014. godinu [<a href=\"http:\/\/docs.google.com\/viewer?url=http%3A%2F%2Fwww.udrugamrkz.hr%2Fwp-content%2Fuploads%2FPlan-rada-2014.pdf\" target=\"_blank\" rel=\"noopener noreferrer\">pdf<\/a>]<\/li>\n<li>&nbsp;za 2015. godinu [<a href=\"http:\/\/docs.google.com\/viewer?url=http:\/\/www.udrugamrkz.hr\/wp-content\/uploads\/Plan-rada-za-2015.-godinu1.pdf\" target=\"_blank\" rel=\"noopener noreferrer\">pdf<\/a>]<\/li>\n<li>&nbsp;za 2016. godinu [<a href=\"http:\/\/docs.google.com\/viewer?url=http:\/\/www.udrugamrkz.hr\/wp-content\/uploads\/Plan-rada-za-2016.godinu.pdf\" target=\"_blank\" rel=\"noopener noreferrer\">pdf<\/a>]<\/li>\n<li>&nbsp;za 2017. godinu [<a href=\"http:\/\/docs.google.com\/viewer?url=http:\/\/www.udrugamrkz.hr\/wp-content\/uploads\/Plan-rada-za-2017.-godinu.pdf\" target=\"_blank\" rel=\"noopener noreferrer\">pdf<\/a>]<\/li>\n<li>&nbsp;za 2018. godinu [<a href=\"http:\/\/docs.google.com\/viewer?url=http:\/\/www.udrugamrkz.hr\/wp-content\/uploads\/Plan_rada_2018.pdf\" target=\"_blank\" rel=\"noopener noreferrer\">pdf<\/a>]<\/li>\n<li>&nbsp;za 2019. godinu [<a href=\"http:\/\/docs.google.com\/viewer?url=http:\/\/www.udrugamrkz.hr\/wp-content\/uploads\/Plan-rada-za-2019.-godinu.pdf\" target=\"_blank\" rel=\"noopener noreferrer\">pdf]<\/a><\/li>\n<li>&nbsp;za 2020. godinu [<a href=\"https:\/\/www.udrugamrkz.hr\/wp-content\/uploads\/Plan-rada-za-2020.-godinu.pdf\">pdf<\/a>]<\/li>\n<li>&nbsp;za 2021. godinu [<a href=\"https:\/\/www.udrugamrkz.hr\/wp-content\/uploads\/Plan-rada-za-2021-g.pdf\">pdf<\/a>]<\/li>\n<li>&nbsp;za 2022. godinu [<a href=\"https:\/\/www.udrugamrkz.hr\/wp-content\/uploads\/Plan-rada-za-2022.-godinu.pdf\">pdf<\/a>]<\/li>\n<li>&nbsp;za 2023. godinu [<a href=\"https:\/\/www.udrugamrkz.hr\/wp-content\/uploads\/Plan-rada-i-financijski-plan.pdf\">pdf<\/a>]<\/li>\n<li>&nbsp;za 2024. godinu [<a href=\"https:\/\/www.udrugamrkz.hr\/wp-content\/uploads\/Plan-rada-za-2024.-godinu.pdf\">pdf<\/a>]<\/li>\n<li>&nbsp;za 2025. godinu [<a href=\"https:\/\/www.udrugamrkz.hr\/wp-content\/uploads\/Plan-rada-Udruge-2025.pdf\">pdf<\/a>]<\/li>\n<li>&nbsp;za 2026. godinu [<a href=\"https:\/\/www.udrugamrkz.hr\/wp-content\/uploads\/Plan-rada-za-2026.-godinu.pdf\">pdf<\/a>]<\/li>\n<\/ul>\n<p><strong>Program aktivnosti:&nbsp;<\/strong><\/p>\n<ul>\n<li>&nbsp;za 2026. [<a href=\"https:\/\/www.udrugamrkz.hr\/wp-content\/uploads\/Program-aktivnosti-2026.pdf\">pdf<\/a>]&nbsp;<\/li>\n<\/ul>\n<p><strong>Ostali dokumenti Udruge:<\/strong><\/p>\n<ul>\n<li>letak Udruge [<a href=\"http:\/\/docs.google.com\/viewer?url=http%3A%2F%2Fwww.udrugamrkz.hr%2Fwp-content%2Fdocuments%2F4-letak.pdf\" target=\"_blank\" rel=\"noopener noreferrer\">pdf<\/a>]<\/li>\n<li>Operativni plan za 2013. godinu [<a href=\"http:\/\/docs.google.com\/viewer?url=http%3A%2F%2Fwww.udrugamrkz.hr%2Fwp-content%2Fuploads%2FOperativni-plan-2013.pdf\" target=\"_blank\" rel=\"noopener noreferrer\">pdf<\/a>]<\/li>\n<li>Operativni plan za 2014. godinu [<a href=\"http:\/\/docs.google.com\/viewer?url=http%3A%2F%2Fwww.udrugamrkz.hr%2Fwp-content%2Fuploads%2FOperativni-plan-2014.pdf\" target=\"_blank\" rel=\"noopener noreferrer\">pdf<\/a>]<\/li>\n<li>Operativni plan za 2015. godinu [<a href=\"http:\/\/docs.google.com\/viewer?url=http:\/\/www.udrugamrkz.hr\/wp-content\/uploads\/Operativni-plan-za-2015.-godinu1.pdf\" target=\"_blank\" rel=\"noopener noreferrer\">pdf<\/a>]<\/li>\n<li>Operativni plan za 2016. godinu [<a href=\"http:\/\/docs.google.com\/viewer?url=http:\/\/www.udrugamrkz.hr\/wp-content\/uploads\/Operativni-plan-za-2016.godinu.pdf\" target=\"_blank\" rel=\"noopener noreferrer\">pdf<\/a>]<\/li>\n<li>Operativni plan za 2017. godinu [<a href=\"http:\/\/docs.google.com\/viewer?url=http:\/\/www.udrugamrkz.hr\/wp-content\/uploads\/Operativni-plan-za-2017.-godinu.pdf\" target=\"_blank\" rel=\"noopener noreferrer\">pdf<\/a>]<\/li>\n<li>Operativni plan za 2018. godinu [<a href=\"http:\/\/docs.google.com\/viewer?url=http:\/\/www.udrugamrkz.hr\/wp-content\/uploads\/Operativni_-plan_2018.pdf\" target=\"_blank\" rel=\"noopener noreferrer\">pdf<\/a>]<\/li>\n<li>Operativni plan za 2019. godinu [<a href=\"http:\/\/docs.google.com\/viewer?url=http:\/\/www.udrugamrkz.hr\/wp-content\/uploads\/Operativni-plan-za-2019.-godinu.pdf\" target=\"_blank\" rel=\"noopener noreferrer\">pdf<\/a>]<\/li>\n<li>Operativni plan za 2020. godinu [<a href=\"https:\/\/www.udrugamrkz.hr\/wp-content\/uploads\/Operativni-plan-za-2020.-godinu-1.pdf\">pdf<\/a>]<\/li>\n<li>Operativni plan za 2021. godinu [<a href=\"https:\/\/www.udrugamrkz.hr\/wp-content\/uploads\/Operativni-plan-za-2021.pdf\">pdf<\/a>]<\/li>\n<li>Operativni plan za 2022. godinu [<a href=\"https:\/\/www.udrugamrkz.hr\/wp-content\/uploads\/Operativni-plan-za-2022.-godinu-1.pdf\">pdf<\/a>]<\/li>\n<li>Operativni plan za 2023. godinu [<a href=\"https:\/\/www.udrugamrkz.hr\/wp-content\/uploads\/Operativni-plan-2023..pdf\">pdf<\/a>]<\/li>\n<li>Operativni plan za 2024. godinu [<a href=\"https:\/\/www.udrugamrkz.hr\/wp-content\/uploads\/Operativni-plan-za-2024.-godinu.pdf\">pdf<\/a>]<\/li>\n<li>Operativni plan za 2025. godinu [<a href=\"https:\/\/www.udrugamrkz.hr\/wp-content\/uploads\/Operativni-plan-za-2025.pdf\">pdf<\/a>]<\/li>\n<li>Operativni plan za 2026. godinu [<a href=\"https:\/\/www.udrugamrkz.hr\/wp-content\/uploads\/Operativni-plan-za-2026.-godinu.pdf\">pdf<\/a>]<\/li>\n<li>Strate\u0161ki plan 2012.-2015. [<a href=\"http:\/\/docs.google.com\/viewer?url=http%3A%2F%2Fwww.udrugamrkz.hr%2Fwp-content%2Fuploads%2FStrate%25C5%25A1ki-plan-2012.-2015.pdf\" target=\"_blank\" rel=\"noopener noreferrer\">pdf<\/a>]<\/li>\n<li>Strate\u0161ki plan 2016.-2020. [<a href=\"http:\/\/docs.google.com\/viewer?url=http:\/\/www.udrugamrkz.hr\/wp-content\/uploads\/Strateski-plan-2016.-2020.god_.pdf\" target=\"_blank\" rel=\"noopener noreferrer\">pdf<\/a>]<\/li>\n<li>Izvje\u0161\u0107e za Strate\u0161ki plan 2016.-2020. [<a href=\"https:\/\/www.udrugamrkz.hr\/wp-content\/uploads\/Izvje\u0161\u0107e-Strate\u0161ki-plan-2016-2020.pdf\">pdf<\/a>]<\/li>\n<li>Strate\u0161ki plan 2021.-2025.[<a href=\"https:\/\/www.udrugamrkz.hr\/wp-content\/uploads\/Strate\u0161ki-plan-2021.-2025.pdf\">pdf<\/a> ]<\/li>\n<li>Izvje\u0161\u0107e za Strate\u0161ki plan 2021.-2025. [<a href=\"https:\/\/www.udrugamrkz.hr\/wp-content\/uploads\/Izvjesce-Strateski-plan-2021.-2025.pdf\">pdf<\/a>]<\/li>\n<li>Strate\u0161ki plan 2026.-2030. [<a href=\"https:\/\/www.udrugamrkz.hr\/wp-content\/uploads\/Strateski-plan-za-razdoblje-2026.-2030.-.pdf\">pdf<\/a>]<\/li>\n<\/ul>\n<ul>\n<li>Izvje\u0161\u0107e o obavljenoj reviziji temeljem financijskih izvje\u0161\u0107a za 2015.godinu [<a href=\"http:\/\/docs.google.com\/viewer?url=http:\/\/www.udrugamrkz.hr\/wp-content\/uploads\/Izvjesce-o-obavljenoj-reviziji-temeljem-financijskih-izvjesca-za-2015.godinu.pdf\" target=\"_blank\" rel=\"noopener noreferrer\">pdf<\/a>]<\/li>\n<li>Evaluacija trogodi\u0161njeg programa <a href=\"https:\/\/www.udrugamrkz.hr\/wp-content\/uploads\/Evaluacija-Poludnevni-boravak.pdf\">[pdf]<\/a><\/li>\n<li>Evaluacija trogodi\u0161njeg programa [<a href=\"https:\/\/www.udrugamrkz.hr\/wp-content\/uploads\/Evaluacija-na-kraju-provedbe-programa-u-razdoblju-2017.-2020..pdf\">pdf<\/a>]<\/li>\n<\/ul>\n\n\n<figure class=\"wp-block-gallery has-nested-images columns-default is-cropped wp-block-gallery-1 is-layout-flex wp-block-gallery-is-layout-flex\"><\/figure>\n\n\n\n\n\n\n","protected":false},"excerpt":{"rendered":"<p>Op\u0107i akti Udruge: Statut Udruge [pdf] Rje\u0161enje &#8211; Statut i osobe ovla\u0161tene za zastupanje [pdf] Rje\u0161enje &#8211; Socijalna usluga boravka [pdf] Rje\u0161enje &#8211; Socijalna usluga osobne asistencije [pdf] Rje\u0161enje &#8211; Likvidator [pdf] Pravilnik o&#46;&#46;&#46;<\/p>\n","protected":false},"author":1,"featured_media":0,"parent":0,"menu_order":0,"comment_status":"closed","ping_status":"closed","template":"","meta":{"ngg_post_thumbnail":0,"footnotes":""},"_links":{"self":[{"href":"https:\/\/www.udrugamrkz.hr\/index.php?rest_route=\/wp\/v2\/pages\/5"}],"collection":[{"href":"https:\/\/www.udrugamrkz.hr\/index.php?rest_route=\/wp\/v2\/pages"}],"about":[{"href":"https:\/\/www.udrugamrkz.hr\/index.php?rest_route=\/wp\/v2\/types\/page"}],"author":[{"embeddable":true,"href":"https:\/\/www.udrugamrkz.hr\/index.php?rest_route=\/wp\/v2\/users\/1"}],"replies":[{"embeddable":true,"href":"https:\/\/www.udrugamrkz.hr\/index.php?rest_route=%2Fwp%2Fv2%2Fcomments&post=5"}],"version-history":[{"count":116,"href":"https:\/\/www.udrugamrkz.hr\/index.php?rest_route=\/wp\/v2\/pages\/5\/revisions"}],"predecessor-version":[{"id":9403,"href":"https:\/\/www.udrugamrkz.hr\/index.php?rest_route=\/wp\/v2\/pages\/5\/revisions\/9403"}],"wp:attachment":[{"href":"https:\/\/www.udrugamrkz.hr\/index.php?rest_route=%2Fwp%2Fv2%2Fmedia&parent=5"}],"curies":[{"name":"wp","href":"https:\/\/api.w.org\/{rel}","templated":true}]}}